{"id":20,"date":"2016-01-08T14:15:55","date_gmt":"2016-01-08T13:15:55","guid":{"rendered":"http:\/\/www.speisegesellschaft.ch\/?page_id=20"},"modified":"2016-04-14T13:52:26","modified_gmt":"2016-04-14T11:52:26","slug":"engagement","status":"publish","type":"page","link":"https:\/\/www.speisegesellschaft.ch\/index.php\/engagement\/","title":{"rendered":"Engagement"},"content":{"rendered":"<p><a href=\"http:\/\/www.speisegesellschaft.ch\/wp-content\/uploads\/2016\/01\/160108_Statuten_Titel_2.jpg\" rel=\"attachment wp-att-15\"><img loading=\"lazy\" decoding=\"async\" class=\"wp-image-15 size-large alignleft\" src=\"http:\/\/www.speisegesellschaft.ch\/wp-content\/uploads\/2016\/01\/160108_Statuten_Titel_2-1024x489.jpg\" alt=\"160108_Statuten_Titel_2\" width=\"700\" height=\"334\" srcset=\"https:\/\/www.speisegesellschaft.ch\/wp-content\/uploads\/2016\/01\/160108_Statuten_Titel_2-1024x489.jpg 1024w, https:\/\/www.speisegesellschaft.ch\/wp-content\/uploads\/2016\/01\/160108_Statuten_Titel_2-300x143.jpg 300w, https:\/\/www.speisegesellschaft.ch\/wp-content\/uploads\/2016\/01\/160108_Statuten_Titel_2-768x367.jpg 768w, https:\/\/www.speisegesellschaft.ch\/wp-content\/uploads\/2016\/01\/160108_Statuten_Titel_2.jpg 1407w\" sizes=\"auto, (max-width: 700px) 100vw, 700px\" \/><\/a><\/p>\n<p>Die\u00a0 Aktivit\u00e4ten lassen sich aus dem Zweckartikel der Statuten herleiten. Darin heisst es, dass die Speisegesellschaft Aktivit\u00e4ten der Arbeiterbewegung unterst\u00fctzt und den Genossenschaftsgedanken f\u00f6rdert.<\/p>\n<p>Die Speisegesellschaft unterst\u00fctzt neben dem <a href=\"http:\/\/www.speisegesellschaft.ch\/index.php\/engagement\/jugendhaus\/\" target=\"_blank\">Jugendhaus Winterthur<\/a> deshalb die <a href=\"http:\/\/www.speisegesellschaft.ch\/index.php\/engagement\/stiftung-sp-bildung\/\" target=\"_blank\">Stiftung SP Bildung<\/a>, das Hilfswerk <a href=\"http:\/\/www.solidar.ch\/de\" target=\"_blank\">Solidar Suisse<\/a> und den <a href=\"http:\/\/www.speisegesellschaft.ch\/index.php\/engagement\/solifonds\/\" target=\"_blank\">Solifonds<\/a>\u00a0 mit j\u00e4hrlichen Spenden. Anl\u00e4sslich ihres 150j\u00e4hrigen Jubil\u00e4ums hat sie dem Solifonds eine Spende von Fr. 40&#8217;000.&#8211; zukommen lassen. Fr. 16&#8217;000.&#8211; waren f\u00fcr die\u00a0 Landlosenbewegung MST Minas Gerais in Brasilien und Fr. 24&#8217;000.&#8211; f\u00fcr die Universit\u00e9 ouvri\u00e8re in Tunesien bestimmt.<\/p>\n<p>Auch gew\u00e4hrt die Speisegesellschaften den Wohnbaugenossenschaften <a href=\"http:\/\/www.giesserei-gesewo.ch\/\" target=\"_blank\">Gesewo Winterthur<\/a> f\u00fcr das Mehrgenerationenhaus und der GEWO Z\u00fcri Ost Darlehen. Bei der <a href=\"http:\/\/www.eidberg.ch\/cms\/index.php\/genossenschaft-eidberg\" target=\"_blank\">Genossenschaft Frohsinn<\/a> im Eidberg hat sie ebenfalls Anteilscheine gezeichnet. Schliesslich ist die Speisegesellschaft Mitglied der <a href=\"http:\/\/www.raegeboge.com\/\" target=\"_blank\">Genossenschaft R\u00e4genboge<\/a> und gew\u00e4hrte dieser Genossenschaft ein Darlehen.<\/p>\n<p>&nbsp;<\/p>\n<p>&nbsp;<\/p>\n","protected":false},"excerpt":{"rendered":"<p>Die\u00a0 Aktivit\u00e4ten lassen sich aus dem Zweckartikel der Statuten herleiten. Darin heisst es, dass die Speisegesellschaft Aktivit\u00e4ten der Arbeiterbewegung unterst\u00fctzt und den Genossenschaftsgedanken f\u00f6rdert. Die Speisegesellschaft unterst\u00fctzt neben dem Jugendhaus Winterthur deshalb die Stiftung SP Bildung, das Hilfswerk Solidar Suisse<\/p>\n","protected":false},"author":3,"featured_media":0,"parent":0,"menu_order":2,"comment_status":"closed","ping_status":"closed","template":"","meta":{"footnotes":""},"class_list":["post-20","page","type-page","status-publish","hentry"],"yoast_head":"<!-- This site is optimized with the Yoast SEO plugin v27.5 - https:\/\/yoast.com\/product\/yoast-seo-wordpress\/ -->\n<title>Engagement - Speisegesellschaft Winterthur<\/title>\n<meta name=\"description\" content=\"Speisegesellschaft; Winterthur; Arbeiterbewegung; Politik; Arbeiterverein; Juhu Winterthur; Steinberggasse; Solifonds: Arbeiterhilfswerk\" \/>\n<meta name=\"robots\" content=\"index, follow, max-snippet:-1, max-image-preview:large, max-video-preview:-1\" \/>\n<link rel=\"canonical\" href=\"https:\/\/www.speisegesellschaft.ch\/index.php\/engagement\/\" \/>\n<meta property=\"og:locale\" content=\"de_DE\" \/>\n<meta property=\"og:type\" content=\"article\" \/>\n<meta property=\"og:title\" content=\"Engagement - Speisegesellschaft Winterthur\" \/>\n<meta property=\"og:description\" content=\"Speisegesellschaft; Winterthur; Arbeiterbewegung; Politik; Arbeiterverein; Juhu Winterthur; Steinberggasse; Solifonds: Arbeiterhilfswerk\" \/>\n<meta property=\"og:url\" content=\"https:\/\/www.speisegesellschaft.ch\/index.php\/engagement\/\" \/>\n<meta property=\"og:site_name\" content=\"Speisegesellschaft Winterthur\" \/>\n<meta property=\"article:modified_time\" content=\"2016-04-14T11:52:26+00:00\" \/>\n<meta property=\"og:image\" content=\"http:\/\/www.speisegesellschaft.ch\/wp-content\/uploads\/2016\/01\/160108_Statuten_Titel_2-1024x489.jpg\" \/>\n<meta name=\"twitter:card\" content=\"summary_large_image\" \/>\n<meta name=\"twitter:label1\" content=\"Gesch\u00e4tzte Lesezeit\" \/>\n\t<meta name=\"twitter:data1\" content=\"1\u00a0Minute\" \/>\n<script type=\"application\/ld+json\" class=\"yoast-schema-graph\">{\"@context\":\"https:\\\/\\\/schema.org\",\"@graph\":[{\"@type\":\"WebPage\",\"@id\":\"https:\\\/\\\/www.speisegesellschaft.ch\\\/index.php\\\/engagement\\\/\",\"url\":\"https:\\\/\\\/www.speisegesellschaft.ch\\\/index.php\\\/engagement\\\/\",\"name\":\"Engagement - Speisegesellschaft Winterthur\",\"isPartOf\":{\"@id\":\"https:\\\/\\\/www.speisegesellschaft.ch\\\/#website\"},\"primaryImageOfPage\":{\"@id\":\"https:\\\/\\\/www.speisegesellschaft.ch\\\/index.php\\\/engagement\\\/#primaryimage\"},\"image\":{\"@id\":\"https:\\\/\\\/www.speisegesellschaft.ch\\\/index.php\\\/engagement\\\/#primaryimage\"},\"thumbnailUrl\":\"http:\\\/\\\/www.speisegesellschaft.ch\\\/wp-content\\\/uploads\\\/2016\\\/01\\\/160108_Statuten_Titel_2-1024x489.jpg\",\"datePublished\":\"2016-01-08T13:15:55+00:00\",\"dateModified\":\"2016-04-14T11:52:26+00:00\",\"description\":\"Speisegesellschaft; Winterthur; Arbeiterbewegung; Politik; Arbeiterverein; Juhu Winterthur; Steinberggasse; Solifonds: Arbeiterhilfswerk\",\"breadcrumb\":{\"@id\":\"https:\\\/\\\/www.speisegesellschaft.ch\\\/index.php\\\/engagement\\\/#breadcrumb\"},\"inLanguage\":\"de\",\"potentialAction\":[{\"@type\":\"ReadAction\",\"target\":[\"https:\\\/\\\/www.speisegesellschaft.ch\\\/index.php\\\/engagement\\\/\"]}]},{\"@type\":\"ImageObject\",\"inLanguage\":\"de\",\"@id\":\"https:\\\/\\\/www.speisegesellschaft.ch\\\/index.php\\\/engagement\\\/#primaryimage\",\"url\":\"http:\\\/\\\/www.speisegesellschaft.ch\\\/wp-content\\\/uploads\\\/2016\\\/01\\\/160108_Statuten_Titel_2-1024x489.jpg\",\"contentUrl\":\"http:\\\/\\\/www.speisegesellschaft.ch\\\/wp-content\\\/uploads\\\/2016\\\/01\\\/160108_Statuten_Titel_2-1024x489.jpg\"},{\"@type\":\"BreadcrumbList\",\"@id\":\"https:\\\/\\\/www.speisegesellschaft.ch\\\/index.php\\\/engagement\\\/#breadcrumb\",\"itemListElement\":[{\"@type\":\"ListItem\",\"position\":1,\"name\":\"Home\",\"item\":\"https:\\\/\\\/www.speisegesellschaft.ch\\\/\"},{\"@type\":\"ListItem\",\"position\":2,\"name\":\"Engagement\"}]},{\"@type\":\"WebSite\",\"@id\":\"https:\\\/\\\/www.speisegesellschaft.ch\\\/#website\",\"url\":\"https:\\\/\\\/www.speisegesellschaft.ch\\\/\",\"name\":\"Speisegesellschaft Winterthur\",\"description\":\"vormals Allgemeiner Arbeiter-Bildungs-Verein Winterthur\",\"potentialAction\":[{\"@type\":\"SearchAction\",\"target\":{\"@type\":\"EntryPoint\",\"urlTemplate\":\"https:\\\/\\\/www.speisegesellschaft.ch\\\/?s={search_term_string}\"},\"query-input\":{\"@type\":\"PropertyValueSpecification\",\"valueRequired\":true,\"valueName\":\"search_term_string\"}}],\"inLanguage\":\"de\"}]}<\/script>\n<!-- \/ Yoast SEO plugin. -->","yoast_head_json":{"title":"Engagement - Speisegesellschaft Winterthur","description":"Speisegesellschaft; Winterthur; Arbeiterbewegung; Politik; Arbeiterverein; Juhu Winterthur; Steinberggasse; Solifonds: Arbeiterhilfswerk","robots":{"index":"index","follow":"follow","max-snippet":"max-snippet:-1","max-image-preview":"max-image-preview:large","max-video-preview":"max-video-preview:-1"},"canonical":"https:\/\/www.speisegesellschaft.ch\/index.php\/engagement\/","og_locale":"de_DE","og_type":"article","og_title":"Engagement - Speisegesellschaft Winterthur","og_description":"Speisegesellschaft; Winterthur; Arbeiterbewegung; Politik; Arbeiterverein; Juhu Winterthur; Steinberggasse; Solifonds: Arbeiterhilfswerk","og_url":"https:\/\/www.speisegesellschaft.ch\/index.php\/engagement\/","og_site_name":"Speisegesellschaft Winterthur","article_modified_time":"2016-04-14T11:52:26+00:00","og_image":[{"url":"http:\/\/www.speisegesellschaft.ch\/wp-content\/uploads\/2016\/01\/160108_Statuten_Titel_2-1024x489.jpg","type":"","width":"","height":""}],"twitter_card":"summary_large_image","twitter_misc":{"Gesch\u00e4tzte Lesezeit":"1\u00a0Minute"},"schema":{"@context":"https:\/\/schema.org","@graph":[{"@type":"WebPage","@id":"https:\/\/www.speisegesellschaft.ch\/index.php\/engagement\/","url":"https:\/\/www.speisegesellschaft.ch\/index.php\/engagement\/","name":"Engagement - Speisegesellschaft Winterthur","isPartOf":{"@id":"https:\/\/www.speisegesellschaft.ch\/#website"},"primaryImageOfPage":{"@id":"https:\/\/www.speisegesellschaft.ch\/index.php\/engagement\/#primaryimage"},"image":{"@id":"https:\/\/www.speisegesellschaft.ch\/index.php\/engagement\/#primaryimage"},"thumbnailUrl":"http:\/\/www.speisegesellschaft.ch\/wp-content\/uploads\/2016\/01\/160108_Statuten_Titel_2-1024x489.jpg","datePublished":"2016-01-08T13:15:55+00:00","dateModified":"2016-04-14T11:52:26+00:00","description":"Speisegesellschaft; Winterthur; Arbeiterbewegung; Politik; Arbeiterverein; Juhu Winterthur; Steinberggasse; Solifonds: Arbeiterhilfswerk","breadcrumb":{"@id":"https:\/\/www.speisegesellschaft.ch\/index.php\/engagement\/#breadcrumb"},"inLanguage":"de","potentialAction":[{"@type":"ReadAction","target":["https:\/\/www.speisegesellschaft.ch\/index.php\/engagement\/"]}]},{"@type":"ImageObject","inLanguage":"de","@id":"https:\/\/www.speisegesellschaft.ch\/index.php\/engagement\/#primaryimage","url":"http:\/\/www.speisegesellschaft.ch\/wp-content\/uploads\/2016\/01\/160108_Statuten_Titel_2-1024x489.jpg","contentUrl":"http:\/\/www.speisegesellschaft.ch\/wp-content\/uploads\/2016\/01\/160108_Statuten_Titel_2-1024x489.jpg"},{"@type":"BreadcrumbList","@id":"https:\/\/www.speisegesellschaft.ch\/index.php\/engagement\/#breadcrumb","itemListElement":[{"@type":"ListItem","position":1,"name":"Home","item":"https:\/\/www.speisegesellschaft.ch\/"},{"@type":"ListItem","position":2,"name":"Engagement"}]},{"@type":"WebSite","@id":"https:\/\/www.speisegesellschaft.ch\/#website","url":"https:\/\/www.speisegesellschaft.ch\/","name":"Speisegesellschaft Winterthur","description":"vormals Allgemeiner Arbeiter-Bildungs-Verein Winterthur","potentialAction":[{"@type":"SearchAction","target":{"@type":"EntryPoint","urlTemplate":"https:\/\/www.speisegesellschaft.ch\/?s={search_term_string}"},"query-input":{"@type":"PropertyValueSpecification","valueRequired":true,"valueName":"search_term_string"}}],"inLanguage":"de"}]}},"_links":{"self":[{"href":"https:\/\/www.speisegesellschaft.ch\/index.php\/wp-json\/wp\/v2\/pages\/20","targetHints":{"allow":["GET"]}}],"collection":[{"href":"https:\/\/www.speisegesellschaft.ch\/index.php\/wp-json\/wp\/v2\/pages"}],"about":[{"href":"https:\/\/www.speisegesellschaft.ch\/index.php\/wp-json\/wp\/v2\/types\/page"}],"author":[{"embeddable":true,"href":"https:\/\/www.speisegesellschaft.ch\/index.php\/wp-json\/wp\/v2\/users\/3"}],"replies":[{"embeddable":true,"href":"https:\/\/www.speisegesellschaft.ch\/index.php\/wp-json\/wp\/v2\/comments?post=20"}],"version-history":[{"count":9,"href":"https:\/\/www.speisegesellschaft.ch\/index.php\/wp-json\/wp\/v2\/pages\/20\/revisions"}],"predecessor-version":[{"id":313,"href":"https:\/\/www.speisegesellschaft.ch\/index.php\/wp-json\/wp\/v2\/pages\/20\/revisions\/313"}],"wp:attachment":[{"href":"https:\/\/www.speisegesellschaft.ch\/index.php\/wp-json\/wp\/v2\/media?parent=20"}],"curies":[{"name":"wp","href":"https:\/\/api.w.org\/{rel}","templated":true}]}}