{"id":27,"date":"2016-01-08T14:20:49","date_gmt":"2016-01-08T13:20:49","guid":{"rendered":"http:\/\/www.speisegesellschaft.ch\/?page_id=27"},"modified":"2023-06-28T16:46:25","modified_gmt":"2023-06-28T14:46:25","slug":"solifonds","status":"publish","type":"page","link":"https:\/\/www.speisegesellschaft.ch\/index.php\/engagement\/solifonds\/","title":{"rendered":"Solifonds"},"content":{"rendered":"<div class=\"lead\">\n<h4>Die Stiftung SOLIFONDS<\/h4>\n<\/div>\n<div class=\"node\">\n<div class=\"content\">\n<div class=\"linkespalte\">\n<p>Die Stiftung \u00abSolidarit\u00e4tsfonds f\u00fcr soziale Befreiungsk\u00e4mpfe in der Dritten Welt \u2013 SOLIFONDS\u00bb wurde 1983 mit dem Zweck gegr\u00fcndet, \u00absoziale Befreiungsk\u00e4mpfe in der Dritten Welt und den Kampf um die Erringung und Gew\u00e4hrleistung der Menschenrechte, insbesondere der politischen und gewerkschaftlichen Grundrechte in der ganzen Welt zu unterst\u00fctzen sowie dar\u00fcber in der Schweiz zu informieren.\u00bb (Art. 3 Stiftungsurkunde)<\/p>\n<p>Der SOLIFONDS wird getragen vom Schweizerischen Gewerkschaftsbund SGB, von der SP Schweiz, von Solidar Suisse (SAH) und den folgenden entwicklungspolitischen Organisationen: Afrika-Komitee, AAB S\u00fcdliches Afrika, Erkl\u00e4rung von Bern, Fonds f\u00fcr Entwicklung und Partnerschaft in Afrika, Guatemala-Komitee, Magasins du Monde, Nicaragua- und El Salvador-Komitees, Schweiz. Unterst\u00fctzungskomitee f\u00fcr das Sahrauische Volk, Arbeitsgruppe Schweiz-Kolumbien.<\/p>\n<p><img loading=\"lazy\" decoding=\"async\" class=\"alignnone size-medium wp-image-83\" src=\"http:\/\/www.speisegesellschaft.ch\/wp-content\/uploads\/2016\/01\/Landarbeiter-Brasilien-300x209.jpeg\" alt=\"Landarbeiter Brasilien\" width=\"300\" height=\"209\" srcset=\"https:\/\/www.speisegesellschaft.ch\/wp-content\/uploads\/2016\/01\/Landarbeiter-Brasilien-300x209.jpeg 300w, https:\/\/www.speisegesellschaft.ch\/wp-content\/uploads\/2016\/01\/Landarbeiter-Brasilien-768x535.jpeg 768w, https:\/\/www.speisegesellschaft.ch\/wp-content\/uploads\/2016\/01\/Landarbeiter-Brasilien-1024x713.jpeg 1024w, https:\/\/www.speisegesellschaft.ch\/wp-content\/uploads\/2016\/01\/Landarbeiter-Brasilien.jpeg 1923w\" sizes=\"auto, (max-width: 300px) 100vw, 300px\" \/><\/p>\n<p>Die Speisegesellschaft unterst\u00fctzt den Solifonds regelm\u00e4ssig.<\/p>\n<p><a href=\"http:\/\/www.solifonds.ch\" target=\"_blank\" rel=\"noopener\">Zur Website<\/a><\/p>\n<\/div>\n<\/div>\n<\/div>\n","protected":false},"excerpt":{"rendered":"<p>Die Stiftung SOLIFONDS Die Stiftung \u00abSolidarit\u00e4tsfonds f\u00fcr soziale Befreiungsk\u00e4mpfe in der Dritten Welt \u2013 SOLIFONDS\u00bb wurde 1983 mit dem Zweck gegr\u00fcndet, \u00absoziale Befreiungsk\u00e4mpfe in der Dritten Welt und den Kampf um die Erringung und Gew\u00e4hrleistung der Menschenrechte, insbesondere der politischen<\/p>\n","protected":false},"author":3,"featured_media":83,"parent":20,"menu_order":3,"comment_status":"closed","ping_status":"closed","template":"","meta":{"footnotes":""},"class_list":["post-27","page","type-page","status-publish","has-post-thumbnail","hentry"],"yoast_head":"<!-- This site is optimized with the Yoast SEO plugin v27.5 - https:\/\/yoast.com\/product\/yoast-seo-wordpress\/ -->\n<title>Solifonds - Speisegesellschaft Winterthur<\/title>\n<meta name=\"robots\" content=\"index, follow, max-snippet:-1, max-image-preview:large, max-video-preview:-1\" \/>\n<link rel=\"canonical\" href=\"https:\/\/www.speisegesellschaft.ch\/index.php\/engagement\/solifonds\/\" \/>\n<meta property=\"og:locale\" content=\"de_DE\" \/>\n<meta property=\"og:type\" content=\"article\" \/>\n<meta property=\"og:title\" content=\"Solifonds - Speisegesellschaft Winterthur\" \/>\n<meta property=\"og:description\" content=\"Die Stiftung SOLIFONDS Die Stiftung \u00abSolidarit\u00e4tsfonds f\u00fcr soziale Befreiungsk\u00e4mpfe in der Dritten Welt \u2013 SOLIFONDS\u00bb wurde 1983 mit dem Zweck gegr\u00fcndet, \u00absoziale Befreiungsk\u00e4mpfe in der Dritten Welt und den Kampf um die Erringung und Gew\u00e4hrleistung der Menschenrechte, insbesondere der politischen\" \/>\n<meta property=\"og:url\" content=\"https:\/\/www.speisegesellschaft.ch\/index.php\/engagement\/solifonds\/\" \/>\n<meta property=\"og:site_name\" content=\"Speisegesellschaft Winterthur\" \/>\n<meta property=\"article:modified_time\" content=\"2023-06-28T14:46:25+00:00\" \/>\n<meta property=\"og:image\" content=\"https:\/\/www.speisegesellschaft.ch\/wp-content\/uploads\/2016\/01\/Landarbeiter-Brasilien.jpeg\" \/>\n\t<meta property=\"og:image:width\" content=\"1923\" \/>\n\t<meta property=\"og:image:height\" content=\"1339\" \/>\n\t<meta property=\"og:image:type\" content=\"image\/jpeg\" \/>\n<meta name=\"twitter:card\" content=\"summary_large_image\" \/>\n<meta name=\"twitter:label1\" content=\"Gesch\u00e4tzte Lesezeit\" \/>\n\t<meta name=\"twitter:data1\" content=\"1\u00a0Minute\" \/>\n<script type=\"application\/ld+json\" class=\"yoast-schema-graph\">{\"@context\":\"https:\\\/\\\/schema.org\",\"@graph\":[{\"@type\":\"WebPage\",\"@id\":\"https:\\\/\\\/www.speisegesellschaft.ch\\\/index.php\\\/engagement\\\/solifonds\\\/\",\"url\":\"https:\\\/\\\/www.speisegesellschaft.ch\\\/index.php\\\/engagement\\\/solifonds\\\/\",\"name\":\"Solifonds - Speisegesellschaft Winterthur\",\"isPartOf\":{\"@id\":\"https:\\\/\\\/www.speisegesellschaft.ch\\\/#website\"},\"primaryImageOfPage\":{\"@id\":\"https:\\\/\\\/www.speisegesellschaft.ch\\\/index.php\\\/engagement\\\/solifonds\\\/#primaryimage\"},\"image\":{\"@id\":\"https:\\\/\\\/www.speisegesellschaft.ch\\\/index.php\\\/engagement\\\/solifonds\\\/#primaryimage\"},\"thumbnailUrl\":\"https:\\\/\\\/www.speisegesellschaft.ch\\\/wp-content\\\/uploads\\\/2016\\\/01\\\/Landarbeiter-Brasilien.jpeg\",\"datePublished\":\"2016-01-08T13:20:49+00:00\",\"dateModified\":\"2023-06-28T14:46:25+00:00\",\"breadcrumb\":{\"@id\":\"https:\\\/\\\/www.speisegesellschaft.ch\\\/index.php\\\/engagement\\\/solifonds\\\/#breadcrumb\"},\"inLanguage\":\"de\",\"potentialAction\":[{\"@type\":\"ReadAction\",\"target\":[\"https:\\\/\\\/www.speisegesellschaft.ch\\\/index.php\\\/engagement\\\/solifonds\\\/\"]}]},{\"@type\":\"ImageObject\",\"inLanguage\":\"de\",\"@id\":\"https:\\\/\\\/www.speisegesellschaft.ch\\\/index.php\\\/engagement\\\/solifonds\\\/#primaryimage\",\"url\":\"https:\\\/\\\/www.speisegesellschaft.ch\\\/wp-content\\\/uploads\\\/2016\\\/01\\\/Landarbeiter-Brasilien.jpeg\",\"contentUrl\":\"https:\\\/\\\/www.speisegesellschaft.ch\\\/wp-content\\\/uploads\\\/2016\\\/01\\\/Landarbeiter-Brasilien.jpeg\",\"width\":1923,\"height\":1339},{\"@type\":\"BreadcrumbList\",\"@id\":\"https:\\\/\\\/www.speisegesellschaft.ch\\\/index.php\\\/engagement\\\/solifonds\\\/#breadcrumb\",\"itemListElement\":[{\"@type\":\"ListItem\",\"position\":1,\"name\":\"Home\",\"item\":\"https:\\\/\\\/www.speisegesellschaft.ch\\\/\"},{\"@type\":\"ListItem\",\"position\":2,\"name\":\"Engagement\",\"item\":\"https:\\\/\\\/www.speisegesellschaft.ch\\\/index.php\\\/engagement\\\/\"},{\"@type\":\"ListItem\",\"position\":3,\"name\":\"Solifonds\"}]},{\"@type\":\"WebSite\",\"@id\":\"https:\\\/\\\/www.speisegesellschaft.ch\\\/#website\",\"url\":\"https:\\\/\\\/www.speisegesellschaft.ch\\\/\",\"name\":\"Speisegesellschaft Winterthur\",\"description\":\"vormals Allgemeiner Arbeiter-Bildungs-Verein Winterthur\",\"potentialAction\":[{\"@type\":\"SearchAction\",\"target\":{\"@type\":\"EntryPoint\",\"urlTemplate\":\"https:\\\/\\\/www.speisegesellschaft.ch\\\/?s={search_term_string}\"},\"query-input\":{\"@type\":\"PropertyValueSpecification\",\"valueRequired\":true,\"valueName\":\"search_term_string\"}}],\"inLanguage\":\"de\"}]}<\/script>\n<!-- \/ Yoast SEO plugin. -->","yoast_head_json":{"title":"Solifonds - Speisegesellschaft Winterthur","robots":{"index":"index","follow":"follow","max-snippet":"max-snippet:-1","max-image-preview":"max-image-preview:large","max-video-preview":"max-video-preview:-1"},"canonical":"https:\/\/www.speisegesellschaft.ch\/index.php\/engagement\/solifonds\/","og_locale":"de_DE","og_type":"article","og_title":"Solifonds - Speisegesellschaft Winterthur","og_description":"Die Stiftung SOLIFONDS Die Stiftung \u00abSolidarit\u00e4tsfonds f\u00fcr soziale Befreiungsk\u00e4mpfe in der Dritten Welt \u2013 SOLIFONDS\u00bb wurde 1983 mit dem Zweck gegr\u00fcndet, \u00absoziale Befreiungsk\u00e4mpfe in der Dritten Welt und den Kampf um die Erringung und Gew\u00e4hrleistung der Menschenrechte, insbesondere der politischen","og_url":"https:\/\/www.speisegesellschaft.ch\/index.php\/engagement\/solifonds\/","og_site_name":"Speisegesellschaft Winterthur","article_modified_time":"2023-06-28T14:46:25+00:00","og_image":[{"width":1923,"height":1339,"url":"https:\/\/www.speisegesellschaft.ch\/wp-content\/uploads\/2016\/01\/Landarbeiter-Brasilien.jpeg","type":"image\/jpeg"}],"twitter_card":"summary_large_image","twitter_misc":{"Gesch\u00e4tzte Lesezeit":"1\u00a0Minute"},"schema":{"@context":"https:\/\/schema.org","@graph":[{"@type":"WebPage","@id":"https:\/\/www.speisegesellschaft.ch\/index.php\/engagement\/solifonds\/","url":"https:\/\/www.speisegesellschaft.ch\/index.php\/engagement\/solifonds\/","name":"Solifonds - Speisegesellschaft Winterthur","isPartOf":{"@id":"https:\/\/www.speisegesellschaft.ch\/#website"},"primaryImageOfPage":{"@id":"https:\/\/www.speisegesellschaft.ch\/index.php\/engagement\/solifonds\/#primaryimage"},"image":{"@id":"https:\/\/www.speisegesellschaft.ch\/index.php\/engagement\/solifonds\/#primaryimage"},"thumbnailUrl":"https:\/\/www.speisegesellschaft.ch\/wp-content\/uploads\/2016\/01\/Landarbeiter-Brasilien.jpeg","datePublished":"2016-01-08T13:20:49+00:00","dateModified":"2023-06-28T14:46:25+00:00","breadcrumb":{"@id":"https:\/\/www.speisegesellschaft.ch\/index.php\/engagement\/solifonds\/#breadcrumb"},"inLanguage":"de","potentialAction":[{"@type":"ReadAction","target":["https:\/\/www.speisegesellschaft.ch\/index.php\/engagement\/solifonds\/"]}]},{"@type":"ImageObject","inLanguage":"de","@id":"https:\/\/www.speisegesellschaft.ch\/index.php\/engagement\/solifonds\/#primaryimage","url":"https:\/\/www.speisegesellschaft.ch\/wp-content\/uploads\/2016\/01\/Landarbeiter-Brasilien.jpeg","contentUrl":"https:\/\/www.speisegesellschaft.ch\/wp-content\/uploads\/2016\/01\/Landarbeiter-Brasilien.jpeg","width":1923,"height":1339},{"@type":"BreadcrumbList","@id":"https:\/\/www.speisegesellschaft.ch\/index.php\/engagement\/solifonds\/#breadcrumb","itemListElement":[{"@type":"ListItem","position":1,"name":"Home","item":"https:\/\/www.speisegesellschaft.ch\/"},{"@type":"ListItem","position":2,"name":"Engagement","item":"https:\/\/www.speisegesellschaft.ch\/index.php\/engagement\/"},{"@type":"ListItem","position":3,"name":"Solifonds"}]},{"@type":"WebSite","@id":"https:\/\/www.speisegesellschaft.ch\/#website","url":"https:\/\/www.speisegesellschaft.ch\/","name":"Speisegesellschaft Winterthur","description":"vormals Allgemeiner Arbeiter-Bildungs-Verein Winterthur","potentialAction":[{"@type":"SearchAction","target":{"@type":"EntryPoint","urlTemplate":"https:\/\/www.speisegesellschaft.ch\/?s={search_term_string}"},"query-input":{"@type":"PropertyValueSpecification","valueRequired":true,"valueName":"search_term_string"}}],"inLanguage":"de"}]}},"_links":{"self":[{"href":"https:\/\/www.speisegesellschaft.ch\/index.php\/wp-json\/wp\/v2\/pages\/27","targetHints":{"allow":["GET"]}}],"collection":[{"href":"https:\/\/www.speisegesellschaft.ch\/index.php\/wp-json\/wp\/v2\/pages"}],"about":[{"href":"https:\/\/www.speisegesellschaft.ch\/index.php\/wp-json\/wp\/v2\/types\/page"}],"author":[{"embeddable":true,"href":"https:\/\/www.speisegesellschaft.ch\/index.php\/wp-json\/wp\/v2\/users\/3"}],"replies":[{"embeddable":true,"href":"https:\/\/www.speisegesellschaft.ch\/index.php\/wp-json\/wp\/v2\/comments?post=27"}],"version-history":[{"count":6,"href":"https:\/\/www.speisegesellschaft.ch\/index.php\/wp-json\/wp\/v2\/pages\/27\/revisions"}],"predecessor-version":[{"id":526,"href":"https:\/\/www.speisegesellschaft.ch\/index.php\/wp-json\/wp\/v2\/pages\/27\/revisions\/526"}],"up":[{"embeddable":true,"href":"https:\/\/www.speisegesellschaft.ch\/index.php\/wp-json\/wp\/v2\/pages\/20"}],"wp:featuredmedia":[{"embeddable":true,"href":"https:\/\/www.speisegesellschaft.ch\/index.php\/wp-json\/wp\/v2\/media\/83"}],"wp:attachment":[{"href":"https:\/\/www.speisegesellschaft.ch\/index.php\/wp-json\/wp\/v2\/media?parent=27"}],"curies":[{"name":"wp","href":"https:\/\/api.w.org\/{rel}","templated":true}]}}