{"id":29,"date":"2016-01-08T14:22:05","date_gmt":"2016-01-08T13:22:05","guid":{"rendered":"http:\/\/www.speisegesellschaft.ch\/?page_id=29"},"modified":"2017-04-25T21:56:52","modified_gmt":"2017-04-25T19:56:52","slug":"klein-engagements","status":"publish","type":"page","link":"https:\/\/www.speisegesellschaft.ch\/index.php\/engagement\/klein-engagements\/","title":{"rendered":"Das \u00abJuhu\u00bb produziert jetzt Strom"},"content":{"rendered":"<p><a href=\"http:\/\/www.speisegesellschaft.ch\/wp-content\/uploads\/2016\/01\/org_303d4625b58ade80_1492779542000-002.jpg\"><img loading=\"lazy\" decoding=\"async\" class=\"wp-image-511 size-large\" src=\"http:\/\/www.speisegesellschaft.ch\/wp-content\/uploads\/2016\/01\/org_303d4625b58ade80_1492779542000-002-1024x576.jpg\" alt=\"\" width=\"700\" height=\"394\" srcset=\"https:\/\/www.speisegesellschaft.ch\/wp-content\/uploads\/2016\/01\/org_303d4625b58ade80_1492779542000-002-1024x576.jpg 1024w, https:\/\/www.speisegesellschaft.ch\/wp-content\/uploads\/2016\/01\/org_303d4625b58ade80_1492779542000-002-300x169.jpg 300w, https:\/\/www.speisegesellschaft.ch\/wp-content\/uploads\/2016\/01\/org_303d4625b58ade80_1492779542000-002-768x432.jpg 768w\" sizes=\"auto, (max-width: 700px) 100vw, 700px\" \/><\/a><\/p>\n<p><strong>Auf dem \u00abJuhu\u00bb an der Steinberggasse wird neuerdings Strom produziert: Die Besitzerin der Liegenschaft, die \u00fcber 150j\u00e4hrige \u00abSpeisegesellschaft\u00bb, hat auf dem Dach eine Solaranlage von 54 Quadratmetern installiert. Gerechnet wird mit einem Ertrag von \u00fcber 8000 kw\/h, was etwa dem Bedarf von zwei mittleren Haushalten entspricht.<\/strong><\/p>\n<p>\u00abPl\u00f6tzlich ging es schnell\u00bb sagt der fr\u00fchere SP-Gemeinderat und heutige Hausverwalter des \u00abJuhu\u00bb an der Steinberggasse, Edi Wettstein. \u00abErstmal \u00fcber eine Photovoltaikanlage auf dem Dach des Juhu gesprochen haben wir vor einem Jahr. Nach verschiedenen Abkl\u00e4rungen und der Baueingabe kam die Bewilligung Mitte M\u00e4rz 2017, und auch die Denkmalpflege gab uns Anfang April 2017 gr\u00fcnes Licht. Und seit Mitte April produzieren wir schon t\u00e4glich Strom auf dem Juhu-Dach\u00bb.<\/p>\n<p>Nachdem der Solarkataster der Stadt Winterthur das Dach der Liegenschaft an der Steinberggasse als geeignet f\u00fcr eine Photovoltaik-Anlage auswies und Vorabkl\u00e4rungen ergaben, dass eine solche Anlage auch von Stadtwerk begr\u00fcsst w\u00fcrde, hat sich die Speisegesellschaft ab Juni 2016 ernsthaft mit dem Vorhaben besch\u00e4ftigt. Mit der Denkmalpflege suchte sie fr\u00fchzeitig das Gespr\u00e4ch und traf auch da auf konstruktive Unterst\u00fctzung. Die entsprechenden Auflagen liessen sich leicht erf\u00fcllen. So sollte die Anlage m\u00f6glichst ruhig erscheinen, und auch keine Reflexe bewirken. F\u00fcr eine optimale Nutzung wurde ein Kamin Zur\u00fcckgebaut und wurden zwei Dachfenster versetzt. Dank der guten Zusammenarbeit mit den Beh\u00f6rden und den beteiligten Ingenieuren von Arba-Bioplan und Arba-Strom konnte die Anlage sehr rasch umgesetzt werden. Die Kosten betrugen rund CHF 35&#8217;000.<\/p>\n<p>\u00abNat\u00fcrlich haben wir das nicht in wenigen Jahren wieder amortisiert\u00bb, h\u00e4lt der Pr\u00e4sident der \u00abSpeisegesellschaft\u00bb, Kurt Lenggenhager fest. Aber es stelle einen kleinen Beitrag an eine erneuerbare Energieproduktion dar. Das Engagement der \u00abSpisi\u00bb, wie sie auch genannt wird, sei seit mehr als 150 Jahren nicht gewinnorientiert, sondern verfolge soziale Zwecke. Sie betrieb im Haus an der Steinberggasse beinahe 100 Jahre lang eine Pension und \u00abVerpflegungsstelle\u00bb. 1962 erm\u00f6glichte sie in Zusammenarbeit mit der Stadt Winterthur das damals neue \u00abJuhu\u00bb, dass heute das \u00e4lteste selbstverwaltete Jugendhaus der Schweiz ist. Die Photovoltaikanlage ist erneut ein Pionierprojekt, ist es doch neben einer weiteren \u00e4hnlichen Anlage auf dem Dach des Casinotheaters erst die zweite solche Anlage in der Altstadt.<\/p>\n<p><a href=\"http:\/\/www.speisegesellschaft.ch\/wp-content\/uploads\/2016\/01\/org_9e4839719b4017ce_1492779384000-002.jpg\"><img loading=\"lazy\" decoding=\"async\" class=\"wp-image-510 size-large\" src=\"http:\/\/www.speisegesellschaft.ch\/wp-content\/uploads\/2016\/01\/org_9e4839719b4017ce_1492779384000-002-1024x576.jpg\" alt=\"\" width=\"700\" height=\"394\" srcset=\"https:\/\/www.speisegesellschaft.ch\/wp-content\/uploads\/2016\/01\/org_9e4839719b4017ce_1492779384000-002-1024x576.jpg 1024w, https:\/\/www.speisegesellschaft.ch\/wp-content\/uploads\/2016\/01\/org_9e4839719b4017ce_1492779384000-002-300x169.jpg 300w, https:\/\/www.speisegesellschaft.ch\/wp-content\/uploads\/2016\/01\/org_9e4839719b4017ce_1492779384000-002-768x432.jpg 768w\" sizes=\"auto, (max-width: 700px) 100vw, 700px\" \/><\/a><\/p>\n","protected":false},"excerpt":{"rendered":"<p>Auf dem \u00abJuhu\u00bb an der Steinberggasse wird neuerdings Strom produziert: Die Besitzerin der Liegenschaft, die \u00fcber 150j\u00e4hrige \u00abSpeisegesellschaft\u00bb, hat auf dem Dach eine Solaranlage von 54 Quadratmetern installiert. Gerechnet wird mit einem Ertrag von \u00fcber 8000 kw\/h, was etwa dem<\/p>\n","protected":false},"author":3,"featured_media":511,"parent":20,"menu_order":4,"comment_status":"closed","ping_status":"closed","template":"","meta":{"footnotes":""},"class_list":["post-29","page","type-page","status-publish","has-post-thumbnail","hentry"],"yoast_head":"<!-- This site is optimized with the Yoast SEO plugin v27.5 - https:\/\/yoast.com\/product\/yoast-seo-wordpress\/ -->\n<title>Das \u00abJuhu\u00bb produziert jetzt Strom - Speisegesellschaft Winterthur<\/title>\n<meta name=\"robots\" content=\"index, follow, max-snippet:-1, max-image-preview:large, max-video-preview:-1\" \/>\n<link rel=\"canonical\" href=\"https:\/\/www.speisegesellschaft.ch\/index.php\/engagement\/klein-engagements\/\" \/>\n<meta property=\"og:locale\" content=\"de_DE\" \/>\n<meta property=\"og:type\" content=\"article\" \/>\n<meta property=\"og:title\" content=\"Das \u00abJuhu\u00bb produziert jetzt Strom - Speisegesellschaft Winterthur\" \/>\n<meta property=\"og:description\" content=\"Auf dem \u00abJuhu\u00bb an der Steinberggasse wird neuerdings Strom produziert: Die Besitzerin der Liegenschaft, die \u00fcber 150j\u00e4hrige \u00abSpeisegesellschaft\u00bb, hat auf dem Dach eine Solaranlage von 54 Quadratmetern installiert. Gerechnet wird mit einem Ertrag von \u00fcber 8000 kw\/h, was etwa dem\" \/>\n<meta property=\"og:url\" content=\"https:\/\/www.speisegesellschaft.ch\/index.php\/engagement\/klein-engagements\/\" \/>\n<meta property=\"og:site_name\" content=\"Speisegesellschaft Winterthur\" \/>\n<meta property=\"article:modified_time\" content=\"2017-04-25T19:56:52+00:00\" \/>\n<meta property=\"og:image\" content=\"https:\/\/www.speisegesellschaft.ch\/wp-content\/uploads\/2016\/01\/org_303d4625b58ade80_1492779542000-002-1024x576.jpg\" \/>\n\t<meta property=\"og:image:width\" content=\"1024\" \/>\n\t<meta property=\"og:image:height\" content=\"576\" \/>\n\t<meta property=\"og:image:type\" content=\"image\/jpeg\" \/>\n<meta name=\"twitter:card\" content=\"summary_large_image\" \/>\n<meta name=\"twitter:label1\" content=\"Gesch\u00e4tzte Lesezeit\" \/>\n\t<meta name=\"twitter:data1\" content=\"2\u00a0Minuten\" \/>\n<script type=\"application\/ld+json\" class=\"yoast-schema-graph\">{\"@context\":\"https:\\\/\\\/schema.org\",\"@graph\":[{\"@type\":\"WebPage\",\"@id\":\"https:\\\/\\\/www.speisegesellschaft.ch\\\/index.php\\\/engagement\\\/klein-engagements\\\/\",\"url\":\"https:\\\/\\\/www.speisegesellschaft.ch\\\/index.php\\\/engagement\\\/klein-engagements\\\/\",\"name\":\"Das \u00abJuhu\u00bb produziert jetzt Strom - Speisegesellschaft Winterthur\",\"isPartOf\":{\"@id\":\"https:\\\/\\\/www.speisegesellschaft.ch\\\/#website\"},\"primaryImageOfPage\":{\"@id\":\"https:\\\/\\\/www.speisegesellschaft.ch\\\/index.php\\\/engagement\\\/klein-engagements\\\/#primaryimage\"},\"image\":{\"@id\":\"https:\\\/\\\/www.speisegesellschaft.ch\\\/index.php\\\/engagement\\\/klein-engagements\\\/#primaryimage\"},\"thumbnailUrl\":\"https:\\\/\\\/www.speisegesellschaft.ch\\\/wp-content\\\/uploads\\\/2016\\\/01\\\/org_303d4625b58ade80_1492779542000-002.jpg\",\"datePublished\":\"2016-01-08T13:22:05+00:00\",\"dateModified\":\"2017-04-25T19:56:52+00:00\",\"breadcrumb\":{\"@id\":\"https:\\\/\\\/www.speisegesellschaft.ch\\\/index.php\\\/engagement\\\/klein-engagements\\\/#breadcrumb\"},\"inLanguage\":\"de\",\"potentialAction\":[{\"@type\":\"ReadAction\",\"target\":[\"https:\\\/\\\/www.speisegesellschaft.ch\\\/index.php\\\/engagement\\\/klein-engagements\\\/\"]}]},{\"@type\":\"ImageObject\",\"inLanguage\":\"de\",\"@id\":\"https:\\\/\\\/www.speisegesellschaft.ch\\\/index.php\\\/engagement\\\/klein-engagements\\\/#primaryimage\",\"url\":\"https:\\\/\\\/www.speisegesellschaft.ch\\\/wp-content\\\/uploads\\\/2016\\\/01\\\/org_303d4625b58ade80_1492779542000-002.jpg\",\"contentUrl\":\"https:\\\/\\\/www.speisegesellschaft.ch\\\/wp-content\\\/uploads\\\/2016\\\/01\\\/org_303d4625b58ade80_1492779542000-002.jpg\",\"width\":4000,\"height\":2250,\"caption\":\"DCIM100MEDIADJI_0112.JPG\"},{\"@type\":\"BreadcrumbList\",\"@id\":\"https:\\\/\\\/www.speisegesellschaft.ch\\\/index.php\\\/engagement\\\/klein-engagements\\\/#breadcrumb\",\"itemListElement\":[{\"@type\":\"ListItem\",\"position\":1,\"name\":\"Home\",\"item\":\"https:\\\/\\\/www.speisegesellschaft.ch\\\/\"},{\"@type\":\"ListItem\",\"position\":2,\"name\":\"Engagement\",\"item\":\"https:\\\/\\\/www.speisegesellschaft.ch\\\/index.php\\\/engagement\\\/\"},{\"@type\":\"ListItem\",\"position\":3,\"name\":\"Das \u00abJuhu\u00bb produziert jetzt Strom\"}]},{\"@type\":\"WebSite\",\"@id\":\"https:\\\/\\\/www.speisegesellschaft.ch\\\/#website\",\"url\":\"https:\\\/\\\/www.speisegesellschaft.ch\\\/\",\"name\":\"Speisegesellschaft Winterthur\",\"description\":\"vormals Allgemeiner Arbeiter-Bildungs-Verein Winterthur\",\"potentialAction\":[{\"@type\":\"SearchAction\",\"target\":{\"@type\":\"EntryPoint\",\"urlTemplate\":\"https:\\\/\\\/www.speisegesellschaft.ch\\\/?s={search_term_string}\"},\"query-input\":{\"@type\":\"PropertyValueSpecification\",\"valueRequired\":true,\"valueName\":\"search_term_string\"}}],\"inLanguage\":\"de\"}]}<\/script>\n<!-- \/ Yoast SEO plugin. -->","yoast_head_json":{"title":"Das \u00abJuhu\u00bb produziert jetzt Strom - Speisegesellschaft Winterthur","robots":{"index":"index","follow":"follow","max-snippet":"max-snippet:-1","max-image-preview":"max-image-preview:large","max-video-preview":"max-video-preview:-1"},"canonical":"https:\/\/www.speisegesellschaft.ch\/index.php\/engagement\/klein-engagements\/","og_locale":"de_DE","og_type":"article","og_title":"Das \u00abJuhu\u00bb produziert jetzt Strom - Speisegesellschaft Winterthur","og_description":"Auf dem \u00abJuhu\u00bb an der Steinberggasse wird neuerdings Strom produziert: Die Besitzerin der Liegenschaft, die \u00fcber 150j\u00e4hrige \u00abSpeisegesellschaft\u00bb, hat auf dem Dach eine Solaranlage von 54 Quadratmetern installiert. Gerechnet wird mit einem Ertrag von \u00fcber 8000 kw\/h, was etwa dem","og_url":"https:\/\/www.speisegesellschaft.ch\/index.php\/engagement\/klein-engagements\/","og_site_name":"Speisegesellschaft Winterthur","article_modified_time":"2017-04-25T19:56:52+00:00","og_image":[{"width":1024,"height":576,"url":"https:\/\/www.speisegesellschaft.ch\/wp-content\/uploads\/2016\/01\/org_303d4625b58ade80_1492779542000-002-1024x576.jpg","type":"image\/jpeg"}],"twitter_card":"summary_large_image","twitter_misc":{"Gesch\u00e4tzte Lesezeit":"2\u00a0Minuten"},"schema":{"@context":"https:\/\/schema.org","@graph":[{"@type":"WebPage","@id":"https:\/\/www.speisegesellschaft.ch\/index.php\/engagement\/klein-engagements\/","url":"https:\/\/www.speisegesellschaft.ch\/index.php\/engagement\/klein-engagements\/","name":"Das \u00abJuhu\u00bb produziert jetzt Strom - Speisegesellschaft Winterthur","isPartOf":{"@id":"https:\/\/www.speisegesellschaft.ch\/#website"},"primaryImageOfPage":{"@id":"https:\/\/www.speisegesellschaft.ch\/index.php\/engagement\/klein-engagements\/#primaryimage"},"image":{"@id":"https:\/\/www.speisegesellschaft.ch\/index.php\/engagement\/klein-engagements\/#primaryimage"},"thumbnailUrl":"https:\/\/www.speisegesellschaft.ch\/wp-content\/uploads\/2016\/01\/org_303d4625b58ade80_1492779542000-002.jpg","datePublished":"2016-01-08T13:22:05+00:00","dateModified":"2017-04-25T19:56:52+00:00","breadcrumb":{"@id":"https:\/\/www.speisegesellschaft.ch\/index.php\/engagement\/klein-engagements\/#breadcrumb"},"inLanguage":"de","potentialAction":[{"@type":"ReadAction","target":["https:\/\/www.speisegesellschaft.ch\/index.php\/engagement\/klein-engagements\/"]}]},{"@type":"ImageObject","inLanguage":"de","@id":"https:\/\/www.speisegesellschaft.ch\/index.php\/engagement\/klein-engagements\/#primaryimage","url":"https:\/\/www.speisegesellschaft.ch\/wp-content\/uploads\/2016\/01\/org_303d4625b58ade80_1492779542000-002.jpg","contentUrl":"https:\/\/www.speisegesellschaft.ch\/wp-content\/uploads\/2016\/01\/org_303d4625b58ade80_1492779542000-002.jpg","width":4000,"height":2250,"caption":"DCIM100MEDIADJI_0112.JPG"},{"@type":"BreadcrumbList","@id":"https:\/\/www.speisegesellschaft.ch\/index.php\/engagement\/klein-engagements\/#breadcrumb","itemListElement":[{"@type":"ListItem","position":1,"name":"Home","item":"https:\/\/www.speisegesellschaft.ch\/"},{"@type":"ListItem","position":2,"name":"Engagement","item":"https:\/\/www.speisegesellschaft.ch\/index.php\/engagement\/"},{"@type":"ListItem","position":3,"name":"Das \u00abJuhu\u00bb produziert jetzt Strom"}]},{"@type":"WebSite","@id":"https:\/\/www.speisegesellschaft.ch\/#website","url":"https:\/\/www.speisegesellschaft.ch\/","name":"Speisegesellschaft Winterthur","description":"vormals Allgemeiner Arbeiter-Bildungs-Verein Winterthur","potentialAction":[{"@type":"SearchAction","target":{"@type":"EntryPoint","urlTemplate":"https:\/\/www.speisegesellschaft.ch\/?s={search_term_string}"},"query-input":{"@type":"PropertyValueSpecification","valueRequired":true,"valueName":"search_term_string"}}],"inLanguage":"de"}]}},"_links":{"self":[{"href":"https:\/\/www.speisegesellschaft.ch\/index.php\/wp-json\/wp\/v2\/pages\/29","targetHints":{"allow":["GET"]}}],"collection":[{"href":"https:\/\/www.speisegesellschaft.ch\/index.php\/wp-json\/wp\/v2\/pages"}],"about":[{"href":"https:\/\/www.speisegesellschaft.ch\/index.php\/wp-json\/wp\/v2\/types\/page"}],"author":[{"embeddable":true,"href":"https:\/\/www.speisegesellschaft.ch\/index.php\/wp-json\/wp\/v2\/users\/3"}],"replies":[{"embeddable":true,"href":"https:\/\/www.speisegesellschaft.ch\/index.php\/wp-json\/wp\/v2\/comments?post=29"}],"version-history":[{"count":5,"href":"https:\/\/www.speisegesellschaft.ch\/index.php\/wp-json\/wp\/v2\/pages\/29\/revisions"}],"predecessor-version":[{"id":517,"href":"https:\/\/www.speisegesellschaft.ch\/index.php\/wp-json\/wp\/v2\/pages\/29\/revisions\/517"}],"up":[{"embeddable":true,"href":"https:\/\/www.speisegesellschaft.ch\/index.php\/wp-json\/wp\/v2\/pages\/20"}],"wp:featuredmedia":[{"embeddable":true,"href":"https:\/\/www.speisegesellschaft.ch\/index.php\/wp-json\/wp\/v2\/media\/511"}],"wp:attachment":[{"href":"https:\/\/www.speisegesellschaft.ch\/index.php\/wp-json\/wp\/v2\/media?parent=29"}],"curies":[{"name":"wp","href":"https:\/\/api.w.org\/{rel}","templated":true}]}}