{"id":33,"date":"2016-01-08T14:23:21","date_gmt":"2016-01-08T13:23:21","guid":{"rendered":"http:\/\/www.speisegesellschaft.ch\/?page_id=33"},"modified":"2016-04-01T21:45:13","modified_gmt":"2016-04-01T19:45:13","slug":"netzwerk","status":"publish","type":"page","link":"https:\/\/www.speisegesellschaft.ch\/index.php\/netzwerk\/","title":{"rendered":"Netzwerk"},"content":{"rendered":"<h5>Winterthur<\/h5>\n<p><a href=\"http:\/\/www.spwinti.ch\" target=\"_blank\">SP Winterthur<\/a><\/p>\n<p><a href=\"http:\/\/winterthur.gruene-zh.ch\/\">Gr\u00fcne Winterthur<\/a><\/p>\n<p><a href=\"http:\/\/www.al-winti.ch\/main\/\">AL Winterthur<\/a><\/p>\n<p><a href=\"https:\/\/www.mieterverband.ch\/mv.html#\">Mieterverband<\/a><\/p>\n<h5>Unterst\u00fctzte Institutionen<\/h5>\n<p><a href=\"http:\/\/www.speisegesellschaft.ch\/index.php\/engagement\/jugendhaus\/\" target=\"_blank\">Jugendhaus Winterthur<\/a><\/p>\n<p><a href=\"http:\/\/www.speisegesellschaft.ch\/index.php\/engagement\/stiftung-sp-bildung\/\" target=\"_blank\">Stiftung SP Bildung<\/a><\/p>\n<p><a href=\"http:\/\/www.speisegesellschaft.ch\/index.php\/engagement\/solifonds\/\" target=\"_blank\">Solifonds<\/a><\/p>\n<p><a href=\"http:\/\/www.solidar.ch\/de\" target=\"_blank\">Solidar Suisse<\/a><\/p>\n<p><a href=\"http:\/\/www.giesserei-gesewo.ch\/\" target=\"_blank\">GESEWO Giesserei<\/a><\/p>\n<p><a href=\"http:\/\/www.raegeboge.com\/\" target=\"_blank\">Genossenschaft R\u00e4geboge<\/a><\/p>\n<p><a href=\"http:\/\/www.eidberg.ch\/cms\/index.php\/genossenschaft-eidberg\" target=\"_blank\">Genossenschaft Frohsin Eidberg<\/a><\/p>\n","protected":false},"excerpt":{"rendered":"<p>Winterthur SP Winterthur Gr\u00fcne Winterthur AL Winterthur Mieterverband Unterst\u00fctzte Institutionen Jugendhaus Winterthur Stiftung SP Bildung Solifonds Solidar Suisse GESEWO Giesserei Genossenschaft R\u00e4geboge Genossenschaft Frohsin Eidberg<\/p>\n","protected":false},"author":3,"featured_media":0,"parent":0,"menu_order":0,"comment_status":"closed","ping_status":"closed","template":"","meta":{"footnotes":""},"class_list":["post-33","page","type-page","status-publish","hentry"],"yoast_head":"<!-- This site is optimized with the Yoast SEO plugin v27.5 - https:\/\/yoast.com\/product\/yoast-seo-wordpress\/ -->\n<title>Netzwerk - Speisegesellschaft Winterthur<\/title>\n<meta name=\"robots\" content=\"index, follow, max-snippet:-1, max-image-preview:large, max-video-preview:-1\" \/>\n<link rel=\"canonical\" href=\"https:\/\/www.speisegesellschaft.ch\/index.php\/netzwerk\/\" \/>\n<meta property=\"og:locale\" content=\"de_DE\" \/>\n<meta property=\"og:type\" content=\"article\" \/>\n<meta property=\"og:title\" content=\"Netzwerk - Speisegesellschaft Winterthur\" \/>\n<meta property=\"og:description\" content=\"Winterthur SP Winterthur Gr\u00fcne Winterthur AL Winterthur Mieterverband Unterst\u00fctzte Institutionen Jugendhaus Winterthur Stiftung SP Bildung Solifonds Solidar Suisse GESEWO Giesserei Genossenschaft R\u00e4geboge Genossenschaft Frohsin Eidberg\" \/>\n<meta property=\"og:url\" content=\"https:\/\/www.speisegesellschaft.ch\/index.php\/netzwerk\/\" \/>\n<meta property=\"og:site_name\" content=\"Speisegesellschaft Winterthur\" \/>\n<meta property=\"article:modified_time\" content=\"2016-04-01T19:45:13+00:00\" \/>\n<meta name=\"twitter:card\" content=\"summary_large_image\" \/>\n<script type=\"application\/ld+json\" class=\"yoast-schema-graph\">{\"@context\":\"https:\\\/\\\/schema.org\",\"@graph\":[{\"@type\":\"WebPage\",\"@id\":\"https:\\\/\\\/www.speisegesellschaft.ch\\\/index.php\\\/netzwerk\\\/\",\"url\":\"https:\\\/\\\/www.speisegesellschaft.ch\\\/index.php\\\/netzwerk\\\/\",\"name\":\"Netzwerk - Speisegesellschaft Winterthur\",\"isPartOf\":{\"@id\":\"https:\\\/\\\/www.speisegesellschaft.ch\\\/#website\"},\"datePublished\":\"2016-01-08T13:23:21+00:00\",\"dateModified\":\"2016-04-01T19:45:13+00:00\",\"breadcrumb\":{\"@id\":\"https:\\\/\\\/www.speisegesellschaft.ch\\\/index.php\\\/netzwerk\\\/#breadcrumb\"},\"inLanguage\":\"de\",\"potentialAction\":[{\"@type\":\"ReadAction\",\"target\":[\"https:\\\/\\\/www.speisegesellschaft.ch\\\/index.php\\\/netzwerk\\\/\"]}]},{\"@type\":\"BreadcrumbList\",\"@id\":\"https:\\\/\\\/www.speisegesellschaft.ch\\\/index.php\\\/netzwerk\\\/#breadcrumb\",\"itemListElement\":[{\"@type\":\"ListItem\",\"position\":1,\"name\":\"Home\",\"item\":\"https:\\\/\\\/www.speisegesellschaft.ch\\\/\"},{\"@type\":\"ListItem\",\"position\":2,\"name\":\"Netzwerk\"}]},{\"@type\":\"WebSite\",\"@id\":\"https:\\\/\\\/www.speisegesellschaft.ch\\\/#website\",\"url\":\"https:\\\/\\\/www.speisegesellschaft.ch\\\/\",\"name\":\"Speisegesellschaft Winterthur\",\"description\":\"vormals Allgemeiner Arbeiter-Bildungs-Verein Winterthur\",\"potentialAction\":[{\"@type\":\"SearchAction\",\"target\":{\"@type\":\"EntryPoint\",\"urlTemplate\":\"https:\\\/\\\/www.speisegesellschaft.ch\\\/?s={search_term_string}\"},\"query-input\":{\"@type\":\"PropertyValueSpecification\",\"valueRequired\":true,\"valueName\":\"search_term_string\"}}],\"inLanguage\":\"de\"}]}<\/script>\n<!-- \/ Yoast SEO plugin. -->","yoast_head_json":{"title":"Netzwerk - Speisegesellschaft Winterthur","robots":{"index":"index","follow":"follow","max-snippet":"max-snippet:-1","max-image-preview":"max-image-preview:large","max-video-preview":"max-video-preview:-1"},"canonical":"https:\/\/www.speisegesellschaft.ch\/index.php\/netzwerk\/","og_locale":"de_DE","og_type":"article","og_title":"Netzwerk - Speisegesellschaft Winterthur","og_description":"Winterthur SP Winterthur Gr\u00fcne Winterthur AL Winterthur Mieterverband Unterst\u00fctzte Institutionen Jugendhaus Winterthur Stiftung SP Bildung Solifonds Solidar Suisse GESEWO Giesserei Genossenschaft R\u00e4geboge Genossenschaft Frohsin Eidberg","og_url":"https:\/\/www.speisegesellschaft.ch\/index.php\/netzwerk\/","og_site_name":"Speisegesellschaft Winterthur","article_modified_time":"2016-04-01T19:45:13+00:00","twitter_card":"summary_large_image","schema":{"@context":"https:\/\/schema.org","@graph":[{"@type":"WebPage","@id":"https:\/\/www.speisegesellschaft.ch\/index.php\/netzwerk\/","url":"https:\/\/www.speisegesellschaft.ch\/index.php\/netzwerk\/","name":"Netzwerk - Speisegesellschaft Winterthur","isPartOf":{"@id":"https:\/\/www.speisegesellschaft.ch\/#website"},"datePublished":"2016-01-08T13:23:21+00:00","dateModified":"2016-04-01T19:45:13+00:00","breadcrumb":{"@id":"https:\/\/www.speisegesellschaft.ch\/index.php\/netzwerk\/#breadcrumb"},"inLanguage":"de","potentialAction":[{"@type":"ReadAction","target":["https:\/\/www.speisegesellschaft.ch\/index.php\/netzwerk\/"]}]},{"@type":"BreadcrumbList","@id":"https:\/\/www.speisegesellschaft.ch\/index.php\/netzwerk\/#breadcrumb","itemListElement":[{"@type":"ListItem","position":1,"name":"Home","item":"https:\/\/www.speisegesellschaft.ch\/"},{"@type":"ListItem","position":2,"name":"Netzwerk"}]},{"@type":"WebSite","@id":"https:\/\/www.speisegesellschaft.ch\/#website","url":"https:\/\/www.speisegesellschaft.ch\/","name":"Speisegesellschaft Winterthur","description":"vormals Allgemeiner Arbeiter-Bildungs-Verein Winterthur","potentialAction":[{"@type":"SearchAction","target":{"@type":"EntryPoint","urlTemplate":"https:\/\/www.speisegesellschaft.ch\/?s={search_term_string}"},"query-input":{"@type":"PropertyValueSpecification","valueRequired":true,"valueName":"search_term_string"}}],"inLanguage":"de"}]}},"_links":{"self":[{"href":"https:\/\/www.speisegesellschaft.ch\/index.php\/wp-json\/wp\/v2\/pages\/33","targetHints":{"allow":["GET"]}}],"collection":[{"href":"https:\/\/www.speisegesellschaft.ch\/index.php\/wp-json\/wp\/v2\/pages"}],"about":[{"href":"https:\/\/www.speisegesellschaft.ch\/index.php\/wp-json\/wp\/v2\/types\/page"}],"author":[{"embeddable":true,"href":"https:\/\/www.speisegesellschaft.ch\/index.php\/wp-json\/wp\/v2\/users\/3"}],"replies":[{"embeddable":true,"href":"https:\/\/www.speisegesellschaft.ch\/index.php\/wp-json\/wp\/v2\/comments?post=33"}],"version-history":[{"count":7,"href":"https:\/\/www.speisegesellschaft.ch\/index.php\/wp-json\/wp\/v2\/pages\/33\/revisions"}],"predecessor-version":[{"id":309,"href":"https:\/\/www.speisegesellschaft.ch\/index.php\/wp-json\/wp\/v2\/pages\/33\/revisions\/309"}],"wp:attachment":[{"href":"https:\/\/www.speisegesellschaft.ch\/index.php\/wp-json\/wp\/v2\/media?parent=33"}],"curies":[{"name":"wp","href":"https:\/\/api.w.org\/{rel}","templated":true}]}}