{"id":54,"date":"2016-01-08T15:02:30","date_gmt":"2016-01-08T14:02:30","guid":{"rendered":"http:\/\/www.speisegesellschaft.ch\/?page_id=54"},"modified":"2025-07-09T11:40:43","modified_gmt":"2025-07-09T09:40:43","slug":"impressum","status":"publish","type":"page","link":"https:\/\/www.speisegesellschaft.ch\/index.php\/impressum\/","title":{"rendered":"Kontakt\/Impressum"},"content":{"rendered":"<h3>Speisegesellschaft Winterthur<\/h3>\n<p><strong>Vorstand<\/strong><\/p>\n<p>Pr\u00e4sident: Regula Forster <a href=\"mailto:kontakt@speisegesellschaft.ch\" target=\"_blank\" rel=\"noopener noreferrer\">Mail<\/a><\/p>\n<p>Vizepr\u00e4sident: Andi Daur\u00f9<\/p>\n<p>Kassier: Hans-Peter Hartmann<\/p>\n<p>Hausverwaltung: Edi Wettstein<\/p>\n<p>Aktuarin: Gabriella Burkart<\/p>\n<p>Website: Matthias Erzinger <a href=\"mailto:webmaster@speisegesellschaft.ch\" target=\"_blank\" rel=\"noopener noreferrer\">Mail<\/a><\/p>\n<p>&nbsp;<\/p>\n<p>Adresse:<br \/>\nSpeisegesellschaft Winterthur<\/p>\n<p>c\/o Regula Forster<br \/>\nB\u00fctziackerstr. 40<br \/>\n8406 Winterthur<\/p>\n","protected":false},"excerpt":{"rendered":"<p>Speisegesellschaft Winterthur Vorstand Pr\u00e4sident: Regula Forster Mail Vizepr\u00e4sident: Andi Daur\u00f9 Kassier: Hans-Peter Hartmann Hausverwaltung: Edi Wettstein Aktuarin: Gabriella Burkart Website: Matthias Erzinger Mail &nbsp; Adresse: Speisegesellschaft Winterthur c\/o Regula Forster B\u00fctziackerstr. 40 8406 Winterthur<\/p>\n","protected":false},"author":3,"featured_media":0,"parent":0,"menu_order":0,"comment_status":"closed","ping_status":"closed","template":"","meta":{"footnotes":""},"class_list":["post-54","page","type-page","status-publish","hentry"],"yoast_head":"<!-- This site is optimized with the Yoast SEO plugin v27.5 - https:\/\/yoast.com\/product\/yoast-seo-wordpress\/ -->\n<title>Kontakt\/Impressum - Speisegesellschaft Winterthur<\/title>\n<meta name=\"robots\" content=\"index, follow, max-snippet:-1, max-image-preview:large, max-video-preview:-1\" \/>\n<link rel=\"canonical\" href=\"https:\/\/www.speisegesellschaft.ch\/index.php\/impressum\/\" \/>\n<meta property=\"og:locale\" content=\"de_DE\" \/>\n<meta property=\"og:type\" content=\"article\" \/>\n<meta property=\"og:title\" content=\"Kontakt\/Impressum - Speisegesellschaft Winterthur\" \/>\n<meta property=\"og:description\" content=\"Speisegesellschaft Winterthur Vorstand Pr\u00e4sident: Regula Forster Mail Vizepr\u00e4sident: Andi Daur\u00f9 Kassier: Hans-Peter Hartmann Hausverwaltung: Edi Wettstein Aktuarin: Gabriella Burkart Website: Matthias Erzinger Mail &nbsp; Adresse: Speisegesellschaft Winterthur c\/o Regula Forster B\u00fctziackerstr. 40 8406 Winterthur\" \/>\n<meta property=\"og:url\" content=\"https:\/\/www.speisegesellschaft.ch\/index.php\/impressum\/\" \/>\n<meta property=\"og:site_name\" content=\"Speisegesellschaft Winterthur\" \/>\n<meta property=\"article:modified_time\" content=\"2025-07-09T09:40:43+00:00\" \/>\n<meta name=\"twitter:card\" content=\"summary_large_image\" \/>\n<meta name=\"twitter:label1\" content=\"Gesch\u00e4tzte Lesezeit\" \/>\n\t<meta name=\"twitter:data1\" content=\"1\u00a0Minute\" \/>\n<script type=\"application\/ld+json\" class=\"yoast-schema-graph\">{\"@context\":\"https:\\\/\\\/schema.org\",\"@graph\":[{\"@type\":\"WebPage\",\"@id\":\"https:\\\/\\\/www.speisegesellschaft.ch\\\/index.php\\\/impressum\\\/\",\"url\":\"https:\\\/\\\/www.speisegesellschaft.ch\\\/index.php\\\/impressum\\\/\",\"name\":\"Kontakt\\\/Impressum - Speisegesellschaft Winterthur\",\"isPartOf\":{\"@id\":\"https:\\\/\\\/www.speisegesellschaft.ch\\\/#website\"},\"datePublished\":\"2016-01-08T14:02:30+00:00\",\"dateModified\":\"2025-07-09T09:40:43+00:00\",\"breadcrumb\":{\"@id\":\"https:\\\/\\\/www.speisegesellschaft.ch\\\/index.php\\\/impressum\\\/#breadcrumb\"},\"inLanguage\":\"de\",\"potentialAction\":[{\"@type\":\"ReadAction\",\"target\":[\"https:\\\/\\\/www.speisegesellschaft.ch\\\/index.php\\\/impressum\\\/\"]}]},{\"@type\":\"BreadcrumbList\",\"@id\":\"https:\\\/\\\/www.speisegesellschaft.ch\\\/index.php\\\/impressum\\\/#breadcrumb\",\"itemListElement\":[{\"@type\":\"ListItem\",\"position\":1,\"name\":\"Home\",\"item\":\"https:\\\/\\\/www.speisegesellschaft.ch\\\/\"},{\"@type\":\"ListItem\",\"position\":2,\"name\":\"Kontakt\\\/Impressum\"}]},{\"@type\":\"WebSite\",\"@id\":\"https:\\\/\\\/www.speisegesellschaft.ch\\\/#website\",\"url\":\"https:\\\/\\\/www.speisegesellschaft.ch\\\/\",\"name\":\"Speisegesellschaft Winterthur\",\"description\":\"vormals Allgemeiner Arbeiter-Bildungs-Verein Winterthur\",\"potentialAction\":[{\"@type\":\"SearchAction\",\"target\":{\"@type\":\"EntryPoint\",\"urlTemplate\":\"https:\\\/\\\/www.speisegesellschaft.ch\\\/?s={search_term_string}\"},\"query-input\":{\"@type\":\"PropertyValueSpecification\",\"valueRequired\":true,\"valueName\":\"search_term_string\"}}],\"inLanguage\":\"de\"}]}<\/script>\n<!-- \/ Yoast SEO plugin. -->","yoast_head_json":{"title":"Kontakt\/Impressum - Speisegesellschaft Winterthur","robots":{"index":"index","follow":"follow","max-snippet":"max-snippet:-1","max-image-preview":"max-image-preview:large","max-video-preview":"max-video-preview:-1"},"canonical":"https:\/\/www.speisegesellschaft.ch\/index.php\/impressum\/","og_locale":"de_DE","og_type":"article","og_title":"Kontakt\/Impressum - Speisegesellschaft Winterthur","og_description":"Speisegesellschaft Winterthur Vorstand Pr\u00e4sident: Regula Forster Mail Vizepr\u00e4sident: Andi Daur\u00f9 Kassier: Hans-Peter Hartmann Hausverwaltung: Edi Wettstein Aktuarin: Gabriella Burkart Website: Matthias Erzinger Mail &nbsp; Adresse: Speisegesellschaft Winterthur c\/o Regula Forster B\u00fctziackerstr. 40 8406 Winterthur","og_url":"https:\/\/www.speisegesellschaft.ch\/index.php\/impressum\/","og_site_name":"Speisegesellschaft Winterthur","article_modified_time":"2025-07-09T09:40:43+00:00","twitter_card":"summary_large_image","twitter_misc":{"Gesch\u00e4tzte Lesezeit":"1\u00a0Minute"},"schema":{"@context":"https:\/\/schema.org","@graph":[{"@type":"WebPage","@id":"https:\/\/www.speisegesellschaft.ch\/index.php\/impressum\/","url":"https:\/\/www.speisegesellschaft.ch\/index.php\/impressum\/","name":"Kontakt\/Impressum - Speisegesellschaft Winterthur","isPartOf":{"@id":"https:\/\/www.speisegesellschaft.ch\/#website"},"datePublished":"2016-01-08T14:02:30+00:00","dateModified":"2025-07-09T09:40:43+00:00","breadcrumb":{"@id":"https:\/\/www.speisegesellschaft.ch\/index.php\/impressum\/#breadcrumb"},"inLanguage":"de","potentialAction":[{"@type":"ReadAction","target":["https:\/\/www.speisegesellschaft.ch\/index.php\/impressum\/"]}]},{"@type":"BreadcrumbList","@id":"https:\/\/www.speisegesellschaft.ch\/index.php\/impressum\/#breadcrumb","itemListElement":[{"@type":"ListItem","position":1,"name":"Home","item":"https:\/\/www.speisegesellschaft.ch\/"},{"@type":"ListItem","position":2,"name":"Kontakt\/Impressum"}]},{"@type":"WebSite","@id":"https:\/\/www.speisegesellschaft.ch\/#website","url":"https:\/\/www.speisegesellschaft.ch\/","name":"Speisegesellschaft Winterthur","description":"vormals Allgemeiner Arbeiter-Bildungs-Verein Winterthur","potentialAction":[{"@type":"SearchAction","target":{"@type":"EntryPoint","urlTemplate":"https:\/\/www.speisegesellschaft.ch\/?s={search_term_string}"},"query-input":{"@type":"PropertyValueSpecification","valueRequired":true,"valueName":"search_term_string"}}],"inLanguage":"de"}]}},"_links":{"self":[{"href":"https:\/\/www.speisegesellschaft.ch\/index.php\/wp-json\/wp\/v2\/pages\/54","targetHints":{"allow":["GET"]}}],"collection":[{"href":"https:\/\/www.speisegesellschaft.ch\/index.php\/wp-json\/wp\/v2\/pages"}],"about":[{"href":"https:\/\/www.speisegesellschaft.ch\/index.php\/wp-json\/wp\/v2\/types\/page"}],"author":[{"embeddable":true,"href":"https:\/\/www.speisegesellschaft.ch\/index.php\/wp-json\/wp\/v2\/users\/3"}],"replies":[{"embeddable":true,"href":"https:\/\/www.speisegesellschaft.ch\/index.php\/wp-json\/wp\/v2\/comments?post=54"}],"version-history":[{"count":15,"href":"https:\/\/www.speisegesellschaft.ch\/index.php\/wp-json\/wp\/v2\/pages\/54\/revisions"}],"predecessor-version":[{"id":534,"href":"https:\/\/www.speisegesellschaft.ch\/index.php\/wp-json\/wp\/v2\/pages\/54\/revisions\/534"}],"wp:attachment":[{"href":"https:\/\/www.speisegesellschaft.ch\/index.php\/wp-json\/wp\/v2\/media?parent=54"}],"curies":[{"name":"wp","href":"https:\/\/api.w.org\/{rel}","templated":true}]}}